{"id":11,"date":"2021-11-21T15:12:46","date_gmt":"2021-11-21T15:12:46","guid":{"rendered":"http:\/\/tav.ee\/?page_id=11"},"modified":"2023-03-02T14:05:22","modified_gmt":"2023-03-02T12:05:22","slug":"home","status":"publish","type":"page","link":"https:\/\/tav.ee\/","title":{"rendered":"Home"},"content":{"rendered":"\t\t<div data-elementor-type=\"wp-page\" data-elementor-id=\"11\" class=\"elementor elementor-11\">\n\t\t\t\t\t\t\t\t\t<section class=\"elementor-section elementor-top-section elementor-element elementor-element-6eb33a59 elementor-section-boxed elementor-section-height-default elementor-section-height-default\" data-id=\"6eb33a59\" data-element_type=\"section\" data-settings=\"{&quot;background_background&quot;:&quot;classic&quot;}\">\n\t\t\t\t\t\t<div class=\"elementor-container elementor-column-gap-default\">\n\t\t\t\t\t<div class=\"elementor-column elementor-col-100 elementor-top-column elementor-element elementor-element-13f418b5\" data-id=\"13f418b5\" data-element_type=\"column\">\n\t\t\t<div class=\"elementor-widget-wrap elementor-element-populated\">\n\t\t\t\t\t\t\t\t<div class=\"elementor-element elementor-element-7790e945 elementor-widget elementor-widget-heading\" data-id=\"7790e945\" data-element_type=\"widget\" data-widget_type=\"heading.default\">\n\t\t\t\t<div class=\"elementor-widget-container\">\n\t\t\t<style>\/*! elementor - v3.18.0 - 08-12-2023 *\/\n.elementor-heading-title{padding:0;margin:0;line-height:1}.elementor-widget-heading .elementor-heading-title[class*=elementor-size-]>a{color:inherit;font-size:inherit;line-height:inherit}.elementor-widget-heading .elementor-heading-title.elementor-size-small{font-size:15px}.elementor-widget-heading .elementor-heading-title.elementor-size-medium{font-size:19px}.elementor-widget-heading .elementor-heading-title.elementor-size-large{font-size:29px}.elementor-widget-heading .elementor-heading-title.elementor-size-xl{font-size:39px}.elementor-widget-heading .elementor-heading-title.elementor-size-xxl{font-size:59px}<\/style><h2 class=\"elementor-heading-title elementor-size-default\"><i>Tolliagentuur Vega O\u00dc<\/i><\/h2>\t\t<\/div>\n\t\t\t\t<\/div>\n\t\t\t\t\t<\/div>\n\t\t<\/div>\n\t\t\t\t\t\t\t<\/div>\n\t\t<\/section>\n\t\t\t\t<section class=\"elementor-section elementor-top-section elementor-element elementor-element-21a4472a elementor-section-boxed elementor-section-height-default elementor-section-height-default\" data-id=\"21a4472a\" data-element_type=\"section\" data-settings=\"{&quot;background_background&quot;:&quot;gradient&quot;}\">\n\t\t\t\t\t\t<div class=\"elementor-container elementor-column-gap-default\">\n\t\t\t\t\t<div class=\"elementor-column elementor-col-33 elementor-top-column elementor-element elementor-element-76d2eb32\" data-id=\"76d2eb32\" data-element_type=\"column\">\n\t\t\t<div class=\"elementor-widget-wrap elementor-element-populated\">\n\t\t\t\t\t\t\t\t<div class=\"elementor-element elementor-element-61ba3377 elementor-widget elementor-widget-heading\" data-id=\"61ba3377\" data-element_type=\"widget\" data-widget_type=\"heading.default\">\n\t\t\t\t<div class=\"elementor-widget-container\">\n\t\t\t<h2 class=\"elementor-heading-title elementor-size-default\">Tere tulemast meie <br>tulevasele kodulehele!<\/h2>\t\t<\/div>\n\t\t\t\t<\/div>\n\t\t\t\t<div class=\"elementor-element elementor-element-14723879 elementor-widget elementor-widget-text-editor\" data-id=\"14723879\" data-element_type=\"widget\" data-widget_type=\"text-editor.default\">\n\t\t\t\t<div class=\"elementor-widget-container\">\n\t\t\t<style>\/*! elementor - v3.18.0 - 08-12-2023 *\/\n.elementor-widget-text-editor.elementor-drop-cap-view-stacked .elementor-drop-cap{background-color:#69727d;color:#fff}.elementor-widget-text-editor.elementor-drop-cap-view-framed .elementor-drop-cap{color:#69727d;border:3px solid;background-color:transparent}.elementor-widget-text-editor:not(.elementor-drop-cap-view-default) .elementor-drop-cap{margin-top:8px}.elementor-widget-text-editor:not(.elementor-drop-cap-view-default) .elementor-drop-cap-letter{width:1em;height:1em}.elementor-widget-text-editor .elementor-drop-cap{float:left;text-align:center;line-height:1;font-size:50px}.elementor-widget-text-editor .elementor-drop-cap-letter{display:inline-block}<\/style>\t\t\t\t<p>\u00abVega\u00bb helendab pole k\u00f5ige kirkamalt meie taevas. Me ei jahi juhtpositsiooni tolliteenuste turul. Meie agentuuri eesm\u00e4rk on olla Sulle parim \u00e4ripartner!<\/p><p><span style=\"font-style: inherit; font-weight: inherit;\">Kui Sul on vaja vormistada tollideklaratsioon v\u00f5i konsulteerida tolliagendiga, siis pole midagi lihtsamat \u2013 saada e-mailile <a href=\"mailto:info@tav.ee\">info@tav.ee<\/a><\/span><span style=\"font-style: inherit; font-weight: inherit;\">\u00a0saadetise dokumendid ja huvipakkuvad k\u00fcsimused v\u00f5i helista telefonil <\/span><em><strong style=\"font-style: inherit;\">+372 5855 1345<\/strong><\/em>.<\/p><p>Ole kindel, meie agent vastab Su p\u00e4ringule viivitamatult, sest iga p\u00e4ring on meile prioriteediks!<\/p><p>Pakume p\u00fcsiklientidele 24\/7 teenindust!<\/p>\t\t\t\t\t\t<\/div>\n\t\t\t\t<\/div>\n\t\t\t\t\t<\/div>\n\t\t<\/div>\n\t\t\t\t<div class=\"elementor-column elementor-col-33 elementor-top-column elementor-element elementor-element-168387e4\" data-id=\"168387e4\" data-element_type=\"column\">\n\t\t\t<div class=\"elementor-widget-wrap elementor-element-populated\">\n\t\t\t\t\t\t\t\t<div class=\"elementor-element elementor-element-6fc9e997 elementor-widget elementor-widget-heading\" data-id=\"6fc9e997\" data-element_type=\"widget\" data-widget_type=\"heading.default\">\n\t\t\t\t<div class=\"elementor-widget-container\">\n\t\t\t<h2 class=\"elementor-heading-title elementor-size-default\">\u0414\u043e\u0431\u0440\u043e \u043f\u043e\u0436\u0430\u043b\u043e\u0432\u0430\u0442\u044c \u043d\u0430<br>\u043d\u0430\u0448 \u0431\u0443\u0434\u0443\u0449\u0438\u0439 \u0441\u0430\u0439\u0442!<\/h2>\t\t<\/div>\n\t\t\t\t<\/div>\n\t\t\t\t<div class=\"elementor-element elementor-element-7f8d1272 elementor-widget elementor-widget-text-editor\" data-id=\"7f8d1272\" data-element_type=\"widget\" data-widget_type=\"text-editor.default\">\n\t\t\t\t<div class=\"elementor-widget-container\">\n\t\t\t\t\t\t\t<p>\u00ab\u0412\u0435\u0433\u0430\u00bb \u2013 \u043d\u0435 \u043f\u0435\u0440\u0432\u0430\u044f \u043f\u043e \u044f\u0440\u043a\u043e\u0441\u0442\u0438 \u0437\u0432\u0435\u0437\u0434\u0430 \u043d\u043e\u0447\u043d\u043e\u0433\u043e \u043d\u0435\u0431\u0430. \u041c\u044b \u043d\u0435 \u0433\u043e\u043d\u0438\u043c\u0441\u044f \u0437\u0430 \u043b\u0438\u0434\u0435\u0440\u0441\u0442\u0432\u043e\u043c \u043d\u0430 \u0440\u044b\u043d\u043a\u0435 \u0442\u0430\u043c\u043e\u0436\u0435\u043d\u043d\u044b\u0445 \u0443\u0441\u043b\u0443\u0433. \u0426\u0435\u043b\u044c \u043d\u0430\u0448\u0435\u0433\u043e \u0430\u0433\u0435\u043d\u0442\u0441\u0442\u0432\u0430 \u2013 \u0431\u044b\u0442\u044c \u043b\u0443\u0447\u0448\u0438\u043c \u0442\u0430\u043c\u043e\u0436\u0435\u043d\u043d\u044b\u043c \u0430\u0433\u0435\u043d\u0442\u043e\u043c \u0434\u043b\u044f \u0422\u0435\u0431\u044f!\u00a0<\/p><p><span style=\"font-style: inherit; font-weight: inherit;\">\u0415\u0441\u043b\u0438 \u0422\u0435\u0431\u0435 \u043f\u043e\u043d\u0430\u0434\u043e\u0431\u0438\u043b\u043e\u0441\u044c \u043e\u0444\u043e\u0440\u043c\u043b\u0435\u043d\u0438\u0435 \u0442\u0430\u043c\u043e\u0436\u0435\u043d\u043d\u043e\u0439 \u0434\u0435\u043a\u043b\u0430\u0440\u0430\u0446\u0438\u0438 \u0438\u043b\u0438 \u043a\u043e\u043d\u0441\u0443\u043b\u044c\u0442\u0430\u0446\u0438\u044f \u0442\u0430\u043c\u043e\u0436\u0435\u043d\u043d\u043e\u0433\u043e \u0430\u0433\u0435\u043d\u0442\u0430, \u0442\u043e \u043d\u0435\u0442 \u043d\u0438\u0447\u0435\u0433\u043e \u043f\u0440\u043e\u0449\u0435 \u2013 \u043f\u0440\u0438\u0441\u044b\u043b\u0430\u0439 \u0434\u043e\u043a\u0443\u043c\u0435\u043d\u0442\u044b \u0438\u043b\u0438 \u0438\u043d\u0442\u0435\u0440\u0435\u0441\u0443\u044e\u0449\u0438\u0435 \u0442\u0435\u0431\u044f \u0432\u043e\u043f\u0440\u043e\u0441\u044b \u043d\u0430 \u043f\u043e\u0447\u0442\u0443 <a href=\"mailto:info@tav.ee\">info@tav.ee<\/a><\/span><span style=\"font-style: inherit; font-weight: inherit;\">, \u0438\u043b\u0438 \u0437\u0432\u043e\u043d\u0438 \u043f\u043e \u043d\u043e\u043c\u0435\u0440\u0443 <em><strong style=\"font-style: inherit;\">+372\u00a0<\/strong><\/em><\/span><em><span style=\"font-weight: bold; font-style: inherit;\">5855 1345<\/span><\/em>.<\/p><p>\u0411\u0443\u0434\u044c \u0443\u0432\u0435\u0440\u0435\u043d \u2013 \u043d\u0430\u0448 \u0430\u0433\u0435\u043d\u0442 \u0432 \u043a\u0440\u043e\u0442\u0447\u0430\u0439\u0448\u0438\u0435 \u0441\u0440\u043e\u043a\u0438 \u0441\u0432\u044f\u0436\u0435\u0442\u0441\u044f \u0441 \u0422\u043e\u0431\u043e\u0439! \u041a\u0430\u0436\u0434\u044b\u0439 \u0437\u0430\u043f\u0440\u043e\u0441 \u0434\u043b\u044f \u043d\u0430\u0441 \u043f\u0435\u0440\u0432\u043e\u043e\u0447\u0435\u0440\u0435\u0434\u043d\u044b\u0439!<\/p><p>\u041f\u043e\u0441\u0442\u043e\u044f\u043d\u043d\u044b\u043c \u043a\u043b\u0438\u0435\u043d\u0442\u0430\u043c \u043c\u044b \u043f\u0440\u0435\u0434\u043b\u0430\u0433\u0430\u0435\u043c \u043e\u0431\u0441\u043b\u0443\u0436\u0438\u0432\u0430\u043d\u0438\u0435 24\/7!<\/p>\t\t\t\t\t\t<\/div>\n\t\t\t\t<\/div>\n\t\t\t\t\t<\/div>\n\t\t<\/div>\n\t\t\t\t<div class=\"elementor-column elementor-col-33 elementor-top-column elementor-element elementor-element-1dc4bc68\" data-id=\"1dc4bc68\" data-element_type=\"column\">\n\t\t\t<div class=\"elementor-widget-wrap elementor-element-populated\">\n\t\t\t\t\t\t\t\t<div class=\"elementor-element elementor-element-6b4467b1 elementor-widget elementor-widget-heading\" data-id=\"6b4467b1\" data-element_type=\"widget\" data-widget_type=\"heading.default\">\n\t\t\t\t<div class=\"elementor-widget-container\">\n\t\t\t<h2 class=\"elementor-heading-title elementor-size-default\">Welcome to our<br>future website!<\/h2>\t\t<\/div>\n\t\t\t\t<\/div>\n\t\t\t\t<div class=\"elementor-element elementor-element-33ff34d5 elementor-widget elementor-widget-text-editor\" data-id=\"33ff34d5\" data-element_type=\"widget\" data-widget_type=\"text-editor.default\">\n\t\t\t\t<div class=\"elementor-widget-container\">\n\t\t\t\t\t\t\t<p>&#8220;Vega&#8221; is not the brightest star in the night sky. We are not chasing leadership in the customs services market. The goal of our agency is to be the best business partner for You!<\/p>\n<p>If You need to complete a customs declaration or consult a customs agent, then there is nothing<br>easier &#8211; send documents or questions to the e-mail <a href=\"mailto:info@tav.ee\">info@tav.ee<\/a>, or call <em><strong style=\"font-style: inherit;\">+372&nbsp;<\/strong><\/em><em><span style=\"font-weight: 700; font-style: inherit;\">5855 1345<\/span><\/em>.<\/p>\n<p>Be sure &#8211; our agent will contact You as soon as possible! Every request is our priority!<\/p>\n<p>We offer 24\/7 service to our regular customers!<\/p>\t\t\t\t\t\t<\/div>\n\t\t\t\t<\/div>\n\t\t\t\t\t<\/div>\n\t\t<\/div>\n\t\t\t\t\t\t\t<\/div>\n\t\t<\/section>\n\t\t\t\t<section class=\"elementor-section elementor-top-section elementor-element elementor-element-611dc7b0 elementor-section-full_width elementor-section-height-default elementor-section-height-default\" data-id=\"611dc7b0\" data-element_type=\"section\">\n\t\t\t\t\t\t<div class=\"elementor-container elementor-column-gap-no\">\n\t\t\t\t\t<div class=\"elementor-column elementor-col-100 elementor-top-column elementor-element elementor-element-8419bc8\" data-id=\"8419bc8\" data-element_type=\"column\">\n\t\t\t<div class=\"elementor-widget-wrap elementor-element-populated\">\n\t\t\t\t\t\t\t\t<div class=\"elementor-element elementor-element-69016ea2 elementor-widget__width-inherit elementor-widget elementor-widget-image\" data-id=\"69016ea2\" data-element_type=\"widget\" data-widget_type=\"image.default\">\n\t\t\t\t<div class=\"elementor-widget-container\">\n\t\t\t<style>\/*! elementor - v3.18.0 - 08-12-2023 *\/\n.elementor-widget-image{text-align:center}.elementor-widget-image a{display:inline-block}.elementor-widget-image a img[src$=\".svg\"]{width:48px}.elementor-widget-image img{vertical-align:middle;display:inline-block}<\/style>\t\t\t\t\t\t\t\t\t\t\t\t<img fetchpriority=\"high\" decoding=\"async\" width=\"1196\" height=\"355\" src=\"https:\/\/tav.ee\/wp-content\/uploads\/2022\/11\/VegaStars.png\" class=\"attachment-full size-full wp-image-1326\" alt=\"\" srcset=\"https:\/\/tav.ee\/wp-content\/uploads\/2022\/11\/VegaStars.png 1196w, https:\/\/tav.ee\/wp-content\/uploads\/2022\/11\/VegaStars-300x89.png 300w, https:\/\/tav.ee\/wp-content\/uploads\/2022\/11\/VegaStars-1024x304.png 1024w, https:\/\/tav.ee\/wp-content\/uploads\/2022\/11\/VegaStars-768x228.png 768w\" sizes=\"(max-width: 1196px) 100vw, 1196px\" \/>\t\t\t\t\t\t\t\t\t\t\t\t\t\t\t<\/div>\n\t\t\t\t<\/div>\n\t\t\t\t\t<\/div>\n\t\t<\/div>\n\t\t\t\t\t\t\t<\/div>\n\t\t<\/section>\n\t\t\t\t\t\t\t<\/div>\n\t\t","protected":false},"excerpt":{"rendered":"<p>Tolliagentuur Vega O\u00dc Tere tulemast meie tulevasele kodulehele! \u00abVega\u00bb helendab pole k\u00f5ige kirkamalt meie taevas. Me ei jahi juhtpositsiooni tolliteenuste turul. Meie agentuuri eesm\u00e4rk on olla Sulle parim \u00e4ripartner! Kui Sul on vaja vormistada tollideklaratsioon v\u00f5i konsulteerida tolliagendiga, siis pole midagi lihtsamat \u2013 saada e-mailile info@tav.ee\u00a0saadetise dokumendid ja huvipakkuvad k\u00fcsimused v\u00f5i helista telefonil +372 5855 &hellip;<\/p>\n<p class=\"read-more\"> <a class=\"\" href=\"https:\/\/tav.ee\/\"> <span class=\"screen-reader-text\">Home<\/span> Read More &raquo;<\/a><\/p>\n","protected":false},"author":1,"featured_media":0,"parent":0,"menu_order":0,"comment_status":"closed","ping_status":"closed","template":"","meta":{"site-sidebar-layout":"no-sidebar","site-content-layout":"page-builder","ast-site-content-layout":"","site-content-style":"default","site-sidebar-style":"default","ast-global-header-display":"","ast-banner-title-visibility":"","ast-main-header-display":"","ast-hfb-above-header-display":"","ast-hfb-below-header-display":"","ast-hfb-mobile-header-display":"","site-post-title":"disabled","ast-breadcrumbs-content":"","ast-featured-img":"disabled","footer-sml-layout":"","theme-transparent-header-meta":"enabled","adv-header-id-meta":"","stick-header-meta":"","header-above-stick-meta":"","header-main-stick-meta":"","header-below-stick-meta":"","astra-migrate-meta-layouts":"","ast-page-background-enabled":"default","ast-page-background-meta":{"desktop":{"background-color":"var(--ast-global-color-4)","background-image":"","background-repeat":"repeat","background-position":"center center","background-size":"auto","background-attachment":"scroll","background-type":"","background-media":"","overlay-type":"","overlay-color":"","overlay-gradient":""},"tablet":{"background-color":"","background-image":"","background-repeat":"repeat","background-position":"center center","background-size":"auto","background-attachment":"scroll","background-type":"","background-media":"","overlay-type":"","overlay-color":"","overlay-gradient":""},"mobile":{"background-color":"","background-image":"","background-repeat":"repeat","background-position":"center center","background-size":"auto","background-attachment":"scroll","background-type":"","background-media":"","overlay-type":"","overlay-color":"","overlay-gradient":""}},"ast-content-background-meta":{"desktop":{"background-color":"var(--ast-global-color-5)","background-image":"","background-repeat":"repeat","background-position":"center center","background-size":"auto","background-attachment":"scroll","background-type":"","background-media":"","overlay-type":"","overlay-color":"","overlay-gradient":""},"tablet":{"background-color":"var(--ast-global-color-5)","background-image":"","background-repeat":"repeat","background-position":"center center","background-size":"auto","background-attachment":"scroll","background-type":"","background-media":"","overlay-type":"","overlay-color":"","overlay-gradient":""},"mobile":{"background-color":"var(--ast-global-color-5)","background-image":"","background-repeat":"repeat","background-position":"center center","background-size":"auto","background-attachment":"scroll","background-type":"","background-media":"","overlay-type":"","overlay-color":"","overlay-gradient":""}},"footnotes":""},"class_list":["post-11","page","type-page","status-publish","hentry"],"_links":{"self":[{"href":"https:\/\/tav.ee\/index.php?rest_route=\/wp\/v2\/pages\/11","targetHints":{"allow":["GET"]}}],"collection":[{"href":"https:\/\/tav.ee\/index.php?rest_route=\/wp\/v2\/pages"}],"about":[{"href":"https:\/\/tav.ee\/index.php?rest_route=\/wp\/v2\/types\/page"}],"author":[{"embeddable":true,"href":"https:\/\/tav.ee\/index.php?rest_route=\/wp\/v2\/users\/1"}],"replies":[{"embeddable":true,"href":"https:\/\/tav.ee\/index.php?rest_route=%2Fwp%2Fv2%2Fcomments&post=11"}],"version-history":[{"count":5,"href":"https:\/\/tav.ee\/index.php?rest_route=\/wp\/v2\/pages\/11\/revisions"}],"predecessor-version":[{"id":1567,"href":"https:\/\/tav.ee\/index.php?rest_route=\/wp\/v2\/pages\/11\/revisions\/1567"}],"wp:attachment":[{"href":"https:\/\/tav.ee\/index.php?rest_route=%2Fwp%2Fv2%2Fmedia&parent=11"}],"curies":[{"name":"wp","href":"https:\/\/api.w.org\/{rel}","templated":true}]}}